{"id":919,"date":"2021-07-22T18:11:08","date_gmt":"2021-07-22T16:11:08","guid":{"rendered":"https:\/\/www.computerandbusiness.it\/newcb2\/?page_id=919"},"modified":"2021-08-03T12:42:37","modified_gmt":"2021-08-03T10:42:37","slug":"i-nostri-obbiettivi","status":"publish","type":"page","link":"https:\/\/www.computerandbusiness.it\/index.php\/chi-siamo\/i-nostri-obbiettivi\/","title":{"rendered":"I nostri obbiettivi"},"content":{"rendered":"<p>[vc_row css=&#8221;.vc_custom_1471341324435{margin-bottom: 0px !important;padding-top: 60px !important;padding-bottom: 0px !important;}&#8221;][vc_column][vc_row_inner css=&#8221;.vc_custom_1471340985552{background-color: #f5f5f5 !important;}&#8221;][vc_column_inner width=&#8221;1\/2&#8243; css=&#8221;.vc_custom_1471344060315{margin-bottom: 0px !important;padding-top: 10% !important;padding-right: 10% !important;padding-bottom: 10% !important;padding-left: 10% !important;}&#8221;][wdc_heading title=&#8221;I nostri obbiettivi&#8221;]Riteniamo che, quando informatizziamo l&#8217;uomo e il business, l&#8217;intelligenza artificiale possa estendere le capacit\u00e0 umane aumentando la creativit\u00e0 e la capacit\u00e0 strategica e aiutando le persone o le organizzazioni a raggiungere risultati migliori.[\/wdc_heading][vc_empty_space height=&#8221;15px&#8221;][\/vc_column_inner][vc_column_inner width=&#8221;1\/2&#8243; css=&#8221;.vc_custom_1471344135554{margin: 0px !important;padding: 0px !important;}&#8221;][vc_single_image image=&#8221;904&#8243; img_size=&#8221;full&#8221; css=&#8221;.vc_custom_1626971917726{margin-bottom: 0px !important;}&#8221;][\/vc_column_inner][\/vc_row_inner][\/vc_column][\/vc_row][vc_row css=&#8221;.vc_custom_1471341387088{margin-bottom: 0px !important;padding-top: 60px !important;padding-bottom: 30px !important;}&#8221;][vc_column width=&#8221;1\/4&#8243;][wdc_icon_box style=&#8221;3&#8243; icon_fontawesome=&#8221;fas fa-laptop-medical&#8221; title=&#8221;Servizi professionali&#8221; bg_color_hover=&#8221;#009cff&#8221;]Servizi indirizzati ad aziende privati svolto da professionisti.[\/wdc_icon_box][\/vc_column][vc_column width=&#8221;1\/4&#8243;][wdc_icon_box style=&#8221;3&#8243; icon_fontawesome=&#8221;far fa-clock&#8221; title=&#8221;Riparazioni rapide&#8221; bg_color_hover=&#8221;#3f51b5&#8243;]Ripariamo i Vostri dispositivi nel minor tempo possibile.[\/wdc_icon_box][\/vc_column][vc_column width=&#8221;1\/4&#8243;][wdc_icon_box style=&#8221;3&#8243; icon_fontawesome=&#8221;fas fa-home&#8221; title=&#8221;Assistenza a domicilio&#8221; bg_color_hover=&#8221;#673ab7&#8243;]Un tecnico professionale a Vostra disposizione per ogni esigenza.[\/wdc_icon_box][\/vc_column][vc_column width=&#8221;1\/4&#8243;][wdc_icon_box style=&#8221;3&#8243; icon_fontawesome=&#8221;far fa-handshake&#8221; title=&#8221;Codice Etico&#8221; bg_color_hover=&#8221;#ff5722&#8243;]Computer Business si fonda sui valori di rispetto ed etica professionale.[\/wdc_icon_box][\/vc_column][\/vc_row][vc_row css=&#8221;.vc_custom_1471354175184{margin-bottom: 0px !important;padding-top: 0px !important;padding-bottom: 0px !important;}&#8221;][vc_column][vc_separator color=&#8221;custom&#8221; accent_color=&#8221;#e2e6e7&#8243; css=&#8221;.vc_custom_1471356073731{margin-bottom: 30px !important;}&#8221;][\/vc_column][\/vc_row][vc_row css=&#8221;.vc_custom_1471356004789{margin-bottom: 0px !important;padding-top: 30px !important;padding-bottom: 30px !important;}&#8221;][vc_column width=&#8221;1\/4&#8243;][wdc_heading title=&#8221;Computer Business&#8221;]Possiamo garantire di darti consigli onesti e amichevoli su qualsiasi riparazione di cui hai bisogno.[\/wdc_heading][\/vc_column][vc_column width=&#8221;1\/4&#8243;][wdc_promo_box image=&#8221;898&#8243; title=&#8221;La nostra storia&#8221; sub_title=&#8221;Dal 2005 che con l\u2019attenzione ai dettagli, si scrive una storia non solo a parole \u2026&#8221; link_url=&#8221;url:https%3A%2F%2Fwww.computerandbusiness.it%2Findex.php%2Fchi-siamo%2Fla-nostra-storia%2F|title:La%20nostra%20storia&#8221;][\/vc_column][vc_column width=&#8221;1\/4&#8243;][wdc_promo_box image=&#8221;911&#8243; title=&#8221;La nostra missione&#8221; sub_title=&#8221;Siamo convinti che la tecnologia possa e debba essere un impulso positivo e che \u2026&#8221; link_url=&#8221;url:https%3A%2F%2Fwww.computerandbusiness.it%2Findex.php%2Fchi-siamo%2Fla-nostra-missione%2F|title:La%20nostra%20missione&#8221;][\/vc_column][vc_column width=&#8221;1\/4&#8243;][wdc_promo_box image=&#8221;904&#8243; title=&#8221;I nostri obbiettivi&#8221; sub_title=&#8221;Riteniamo che, quando informatizziamo l&#8217;uomo e il business, l&#8217;intelligenza \u2026&#8221; link_url=&#8221;url:https%3A%2F%2Fwww.computerandbusiness.it%2Findex.php%2Fchi-siamo%2Fi-nostri-obbiettivi%2F|title:I%20nostri%20obbiettivi&#8221;][\/vc_column][\/vc_row][vc_row wdc_font_color=&#8221;#ffffff&#8221; css=&#8221;.vc_custom_1625928024522{margin-bottom: 0px !important;padding-top: 30px !important;background-color: #dd3333 !important;}&#8221;][vc_column width=&#8221;1\/4&#8243;][wdc_counter style=&#8221;icon&#8221; icon=&#8221;fas fa-hourglass-half&#8221; number=&#8221;16&#8243; title=&#8221;Anni di Esperienza&#8221;][\/vc_column][vc_column width=&#8221;1\/4&#8243;][wdc_counter style=&#8221;icon&#8221; icon=&#8221;far fa-address-book&#8221; number=&#8221;1253&#8243; title=&#8221;Clienti&#8221;][\/vc_column][vc_column width=&#8221;1\/4&#8243;][wdc_counter style=&#8221;icon&#8221; icon=&#8221;fas fa-phone&#8221; number=&#8221;1458&#8243; title=&#8221;Chiamate all&#8217;anno&#8221;][\/vc_column][vc_column width=&#8221;1\/4&#8243;][wdc_counter style=&#8221;icon&#8221; icon=&#8221;fas fa-globe&#8221; number=&#8221;956&#8243; title=&#8221;Interventi a domicilio all&#8217;anno&#8221;][\/vc_column][\/vc_row][vc_row wdc_font_color=&#8221;#ffffff&#8221; css=&#8221;.vc_custom_1625929640926{margin-bottom: 0px !important;padding-top: 60px !important;padding-bottom: 30px !important;background-image: url(https:\/\/www.computerandbusiness.it\/wp-content\/uploads\/2016\/11\/bg-01.jpg?id=175) !important;background-position: center !important;background-repeat: no-repeat !important;background-size: cover !important;}&#8221;][vc_column width=&#8221;2\/3&#8243;][wdc_heading title=&#8221;Cosa dicono i clienti?&#8221;][\/wdc_heading][wdc_testimonials_slider number=&#8221;4&#8243;][\/vc_column][vc_column width=&#8221;1\/3&#8243;][\/vc_column][\/vc_row][vc_row][vc_column][wdc_clients columns=&#8221;3&#8243; number=&#8221;6&#8243;][\/vc_column][\/vc_row]<\/p>\n","protected":false},"excerpt":{"rendered":"<p>[vc_row css=&#8221;.vc_custom_1471341324435{margin-bottom: 0px !important;padding-top: 60px !important;padding-bottom: 0px !important;}&#8221;][vc_column][vc_row_inner css=&#8221;.vc_custom_1471340985552{background-color: #f5f5f5 !important;}&#8221;][vc_column_inner width=&#8221;1\/2&#8243; css=&#8221;.vc_custom_1471344060315{margin-bottom: 0px !important;padding-top: 10% !important;padding-right: 10% !important;padding-bottom: 10% !important;padding-left: 10% !important;}&#8221;][wdc_heading title=&#8221;I nostri obbiettivi&#8221;]Riteniamo che, quando informatizziamo l&#8217;uomo e il business, l&#8217;intelligenza artificiale possa estendere le capacit\u00e0 umane aumentando la creativit\u00e0 e la capacit\u00e0 strategica e aiutando le persone o le organizzazioni a [&hellip;]<\/p>\n","protected":false},"author":2,"featured_media":0,"parent":185,"menu_order":0,"comment_status":"closed","ping_status":"closed","template":"","meta":[],"_links":{"self":[{"href":"https:\/\/www.computerandbusiness.it\/index.php\/wp-json\/wp\/v2\/pages\/919"}],"collection":[{"href":"https:\/\/www.computerandbusiness.it\/index.php\/wp-json\/wp\/v2\/pages"}],"about":[{"href":"https:\/\/www.computerandbusiness.it\/index.php\/wp-json\/wp\/v2\/types\/page"}],"author":[{"embeddable":true,"href":"https:\/\/www.computerandbusiness.it\/index.php\/wp-json\/wp\/v2\/users\/2"}],"replies":[{"embeddable":true,"href":"https:\/\/www.computerandbusiness.it\/index.php\/wp-json\/wp\/v2\/comments?post=919"}],"version-history":[{"count":2,"href":"https:\/\/www.computerandbusiness.it\/index.php\/wp-json\/wp\/v2\/pages\/919\/revisions"}],"predecessor-version":[{"id":1021,"href":"https:\/\/www.computerandbusiness.it\/index.php\/wp-json\/wp\/v2\/pages\/919\/revisions\/1021"}],"up":[{"embeddable":true,"href":"https:\/\/www.computerandbusiness.it\/index.php\/wp-json\/wp\/v2\/pages\/185"}],"wp:attachment":[{"href":"https:\/\/www.computerandbusiness.it\/index.php\/wp-json\/wp\/v2\/media?parent=919"}],"curies":[{"name":"wp","href":"https:\/\/api.w.org\/{rel}","templated":true}]}}